{"id":261687,"date":"2020-09-03T07:10:19","slug":"politica-de-cookies-2","status":"publish","type":"page","link":"https:\/\/www.findernet.com\/pt\/brasil\/politica-de-cookies-2\/","title":{"rendered":"Politica de Cookies"},"author":3,"featured_media":0,"parent":0,"search_keywords":[],"class_list":["post-261687","page","type-page","status-publish","hentry"],"acf":[],"yoast_head":"<!-- This site is optimized with the Yoast SEO plugin v27.1.1 - https:\/\/yoast.com\/product\/yoast-seo-wordpress\/ -->\n<title>Politica de Cookies | Finder<\/title>\n<meta name=\"robots\" content=\"noindex, nofollow\" \/>\n<meta property=\"og:locale\" content=\"pt_PT\" \/>\n<meta property=\"og:type\" content=\"article\" \/>\n<meta property=\"og:title\" content=\"Politica de Cookies | Finder\" \/>\n<meta property=\"og:url\" content=\"https:\/\/findernet-cms.production.findernet-k8s.findernet.com\/pt-bz\/politica-de-cookies-2\/\" \/>\n<meta property=\"og:site_name\" content=\"Finder\" \/>\n<meta property=\"article:publisher\" content=\"https:\/\/www.facebook.com\/finderitalia\" \/>\n<meta property=\"article:modified_time\" content=\"2022-05-13T10:19:11+00:00\" \/>\n<meta name=\"twitter:card\" content=\"summary_large_image\" \/>\n<meta name=\"twitter:site\" content=\"@finderitalia\" \/>\n<script type=\"application\/ld+json\" class=\"yoast-schema-graph\">{\"@context\":\"https:\/\/schema.org\",\"@graph\":[{\"@type\":\"WebPage\",\"@id\":\"https:\/\/findernet-cms.production.findernet-k8s.findernet.com\/pt-bz\/politica-de-cookies-2\/\",\"url\":\"https:\/\/findernet-cms.production.findernet-k8s.findernet.com\/pt-bz\/politica-de-cookies-2\/\",\"name\":\"Politica de Cookies | Finder\",\"isPartOf\":{\"@id\":\"https:\/\/findernet-cms.production.findernet-k8s.findernet.com\/pt-bz\/#website\"},\"datePublished\":\"2020-09-03T07:10:19+00:00\",\"dateModified\":\"2022-05-13T10:19:11+00:00\",\"breadcrumb\":{\"@id\":\"https:\/\/findernet-cms.production.findernet-k8s.findernet.com\/pt-bz\/politica-de-cookies-2\/#breadcrumb\"},\"inLanguage\":\"pt-BR\",\"potentialAction\":[{\"@type\":\"ReadAction\",\"target\":[\"https:\/\/findernet-cms.production.findernet-k8s.findernet.com\/pt-bz\/politica-de-cookies-2\/\"]}]},{\"@type\":\"BreadcrumbList\",\"@id\":\"https:\/\/findernet-cms.production.findernet-k8s.findernet.com\/pt-bz\/politica-de-cookies-2\/#breadcrumb\",\"itemListElement\":[{\"@type\":\"ListItem\",\"position\":1,\"name\":\"Home\",\"item\":\"https:\/\/findernet-cms.production.findernet-k8s.findernet.com\/pt-bz\/\"},{\"@type\":\"ListItem\",\"position\":2,\"name\":\"Politica de Cookies\"}]},{\"@type\":\"WebSite\",\"@id\":\"https:\/\/findernet-cms.production.findernet-k8s.findernet.com\/pt-bz\/#website\",\"url\":\"https:\/\/findernet-cms.production.findernet-k8s.findernet.com\/pt-bz\/\",\"name\":\"Finder\",\"description\":\"A Finder concentra sua produ\u00e7\u00e3o em mais de 12.500 produtos diferentes para comfort living e automa\u00e7\u00e3o e, atualmente, \u00e9 uma das empresas com o maior n\u00famero de homologa\u00e7\u00f5es de produtos no mundo.\",\"publisher\":{\"@id\":\"https:\/\/findernet-cms.production.findernet-k8s.findernet.com\/pt-bz\/#organization\"},\"potentialAction\":[{\"@type\":\"SearchAction\",\"target\":{\"@type\":\"EntryPoint\",\"urlTemplate\":\"https:\/\/findernet-cms.production.findernet-k8s.findernet.com\/pt-bz\/?s={search_term_string}\"},\"query-input\":{\"@type\":\"PropertyValueSpecification\",\"valueRequired\":true,\"valueName\":\"search_term_string\"}}],\"inLanguage\":\"pt-BR\"},{\"@type\":\"Organization\",\"@id\":\"https:\/\/findernet-cms.production.findernet-k8s.findernet.com\/pt-bz\/#organization\",\"name\":\"Finder S.p.A.\",\"url\":\"https:\/\/findernet-cms.production.findernet-k8s.findernet.com\/pt-bz\/\",\"logo\":{\"@type\":\"ImageObject\",\"inLanguage\":\"pt-BR\",\"@id\":\"https:\/\/findernet-cms.production.findernet-k8s.findernet.com\/pt-bz\/#\/schema\/logo\/image\/\",\"url\":\"https:\/\/cdn.findernet.com\/app\/uploads\/Finder_Blue-Black.png\",\"contentUrl\":\"https:\/\/cdn.findernet.com\/app\/uploads\/Finder_Blue-Black.png\",\"width\":3011,\"height\":780,\"caption\":\"Finder S.p.A.\"},\"image\":{\"@id\":\"https:\/\/findernet-cms.production.findernet-k8s.findernet.com\/pt-bz\/#\/schema\/logo\/image\/\"},\"sameAs\":[\"https:\/\/www.facebook.com\/finderitalia\",\"https:\/\/x.com\/finderitalia\",\"https:\/\/www.instagram.com\/finderitalia\/\",\"https:\/\/www.linkedin.com\/company\/finder-relays\/\",\"https:\/\/www.youtube.com\/channel\/UCXssF29ENnCC2QRKL-jpeBQ\"]}]}<\/script>\n<!-- \/ Yoast SEO plugin. -->","yoast_head_json":{"title":"Politica de Cookies | Finder","robots":{"index":"noindex","follow":"nofollow"},"og_locale":"pt_PT","og_type":"article","og_title":"Politica de Cookies | Finder","og_url":"https:\/\/findernet-cms.production.findernet-k8s.findernet.com\/pt-bz\/politica-de-cookies-2\/","og_site_name":"Finder","article_publisher":"https:\/\/www.facebook.com\/finderitalia","article_modified_time":"2022-05-13T10:19:11+00:00","twitter_card":"summary_large_image","twitter_site":"@finderitalia","schema":{"@context":"https:\/\/schema.org","@graph":[{"@type":"WebPage","@id":"https:\/\/findernet-cms.production.findernet-k8s.findernet.com\/pt-bz\/politica-de-cookies-2\/","url":"https:\/\/findernet-cms.production.findernet-k8s.findernet.com\/pt-bz\/politica-de-cookies-2\/","name":"Politica de Cookies | Finder","isPartOf":{"@id":"https:\/\/findernet-cms.production.findernet-k8s.findernet.com\/pt-bz\/#website"},"datePublished":"2020-09-03T07:10:19+00:00","dateModified":"2022-05-13T10:19:11+00:00","breadcrumb":{"@id":"https:\/\/findernet-cms.production.findernet-k8s.findernet.com\/pt-bz\/politica-de-cookies-2\/#breadcrumb"},"inLanguage":"pt-BR","potentialAction":[{"@type":"ReadAction","target":["https:\/\/findernet-cms.production.findernet-k8s.findernet.com\/pt-bz\/politica-de-cookies-2\/"]}]},{"@type":"BreadcrumbList","@id":"https:\/\/findernet-cms.production.findernet-k8s.findernet.com\/pt-bz\/politica-de-cookies-2\/#breadcrumb","itemListElement":[{"@type":"ListItem","position":1,"name":"Home","item":"https:\/\/findernet-cms.production.findernet-k8s.findernet.com\/pt-bz\/"},{"@type":"ListItem","position":2,"name":"Politica de Cookies"}]},{"@type":"WebSite","@id":"https:\/\/findernet-cms.production.findernet-k8s.findernet.com\/pt-bz\/#website","url":"https:\/\/findernet-cms.production.findernet-k8s.findernet.com\/pt-bz\/","name":"Finder","description":"A Finder concentra sua produ\u00e7\u00e3o em mais de 12.500 produtos diferentes para comfort living e automa\u00e7\u00e3o e, atualmente, \u00e9 uma das empresas com o maior n\u00famero de homologa\u00e7\u00f5es de produtos no mundo.","publisher":{"@id":"https:\/\/findernet-cms.production.findernet-k8s.findernet.com\/pt-bz\/#organization"},"potentialAction":[{"@type":"SearchAction","target":{"@type":"EntryPoint","urlTemplate":"https:\/\/findernet-cms.production.findernet-k8s.findernet.com\/pt-bz\/?s={search_term_string}"},"query-input":{"@type":"PropertyValueSpecification","valueRequired":true,"valueName":"search_term_string"}}],"inLanguage":"pt-BR"},{"@type":"Organization","@id":"https:\/\/findernet-cms.production.findernet-k8s.findernet.com\/pt-bz\/#organization","name":"Finder S.p.A.","url":"https:\/\/findernet-cms.production.findernet-k8s.findernet.com\/pt-bz\/","logo":{"@type":"ImageObject","inLanguage":"pt-BR","@id":"https:\/\/findernet-cms.production.findernet-k8s.findernet.com\/pt-bz\/#\/schema\/logo\/image\/","url":"https:\/\/cdn.findernet.com\/app\/uploads\/Finder_Blue-Black.png","contentUrl":"https:\/\/cdn.findernet.com\/app\/uploads\/Finder_Blue-Black.png","width":3011,"height":780,"caption":"Finder S.p.A."},"image":{"@id":"https:\/\/findernet-cms.production.findernet-k8s.findernet.com\/pt-bz\/#\/schema\/logo\/image\/"},"sameAs":["https:\/\/www.facebook.com\/finderitalia","https:\/\/x.com\/finderitalia","https:\/\/www.instagram.com\/finderitalia\/","https:\/\/www.linkedin.com\/company\/finder-relays\/","https:\/\/www.youtube.com\/channel\/UCXssF29ENnCC2QRKL-jpeBQ"]}]}},"acf_collector_field":{"page_order":{"ID":523027,"key":"field_5fb5253f416a4","label":"Page order","name":"page_order","aria-label":"","prefix":"acf","type":"number","value":0,"menu_order":0,"instructions":"","required":0,"id":"","class":"","conditional_logic":0,"parent":523026,"wrapper":{"width":"","class":"","id":""},"default_value":"","placeholder":"","prepend":"","append":"","min":"","max":"","step":"","_name":"page_order","_valid":1},"accordion_intro":"","body":{"content":"<div>\n<div class=\"row TextFullWidth\">\n<div class=\"col-xs-12 col-extra-padding ck_editable\">\n<h4>Os cookies consistem em partes de c\u00f3digo instaladas no navegador que ajudam o Propriet\u00e1rio a fornecer o Servi\u00e7o de acordo com as finalidades descritas.<\/h4>\n<div>\n<p>Algumas das finalidades para as quais os Cookies s\u00e3o instalados tamb\u00e9m podem exigir o consentimento do Usu\u00e1rio.<\/p>\n<p>Quando a instala\u00e7\u00e3o de Cookies \u00e9 baseada no consentimento, tal consentimento pode ser livremente retirado a qualquer momento, seguindo as instru\u00e7\u00f5es fornecidas neste documento.<\/p>\n<p><a title=\"Privacy Policy\" href=\"https:\/\/www.findernet.com\/pt\/brasil\/politica-de-privacidade-2\/\"><strong>Mostrar a pol\u00edtica de privacidade completa<\/strong><\/a><\/p>\n<\/div>\n<\/div>\n<\/div>\n<p>&nbsp;<\/p>\n<\/div>\n<div>\n<div>\n<div><\/div>\n<\/div>\n<\/div>\n"},"items_list":[{"title":"LEIA MAIS","content":{"content":{"ID":538143,"key":"field_608031ce066ed","label":"Content","name":"content","aria-label":"","prefix":"acf","type":"wysiwyg","value":"<p><script id=\"CookieDeclaration\" class=\"cookiedeclarationasync\" src=\"https:\/\/consent.cookiebot.com\/04174825-b083-4535-a3e1-5611cbd84e55\/cd.js\" async=\"\" type=\"text\/javascript\" data-culture=\"PT\"><\/p>\n<p>\n<\/script><\/p>\n","menu_order":1,"instructions":"","required":1,"id":"","class":"","conditional_logic":0,"parent":538141,"wrapper":{"width":"","class":"","id":""},"default_value":"","tabs":"all","toolbar":"basic","media_upload":1,"delay":0,"_name":"content","_valid":1,"parent_repeater":"field_60802f1311feb"}}}],"redational_form":{"ID":544543,"key":"field_610906283da97","label":"Redational Form","name":"redational_form","aria-label":"","prefix":"acf","type":"group","value":{"label":"","text":"","main_form_id":""},"menu_order":1,"instructions":"","required":0,"id":"","class":"","conditional_logic":0,"parent":544541,"wrapper":{"width":"","class":"","id":""},"layout":"block","sub_fields":[{"ID":544544,"key":"field_610906413da98","label":"Label","name":"label","aria-label":"","prefix":"acf","type":"text","value":null,"menu_order":0,"instructions":"","required":0,"id":"","class":"","conditional_logic":0,"parent":544543,"wrapper":{"width":"","class":"","id":""},"acf_collector_add_field_to_plugin":1,"acf_collector_is_output_filtered":1,"default_value":"","placeholder":"","prepend":"","append":"","maxlength":"","_name":"label","_valid":1},{"ID":544545,"key":"field_6109066a3da99","label":"Text","name":"text","aria-label":"","prefix":"acf","type":"wysiwyg","value":null,"menu_order":1,"instructions":"","required":0,"id":"","class":"","conditional_logic":0,"parent":544543,"wrapper":{"width":"","class":"","id":""},"default_value":"","tabs":"all","toolbar":"basic","media_upload":1,"delay":0,"_name":"text","_valid":1},{"ID":544546,"key":"field_610906983da9a","label":"Gravity Form ID","name":"main_form_id","aria-label":"","prefix":"acf","type":"number","value":null,"menu_order":2,"instructions":"","required":0,"id":"","class":"","conditional_logic":0,"parent":544543,"wrapper":{"width":"","class":"","id":""},"default_value":"","placeholder":"","prepend":"","append":"","min":"","max":"","step":"","_name":"main_form_id","_valid":1}],"_name":"redational_form","_valid":1,"acfe_seamless_style":0,"acfe_group_modal":0,"acfe_group_modal_close":0,"acfe_group_modal_button":"","acfe_group_modal_size":"large"}},"page_template":"service-page"}